{"id":15363,"date":"2025-03-14T12:04:47","date_gmt":"2025-03-14T10:04:47","guid":{"rendered":"https:\/\/ficuso.com\/?post_type=product&#038;p=15363"},"modified":"2025-10-31T16:24:17","modified_gmt":"2025-10-31T14:24:17","slug":"rhipsalis-floccosa-o21cm-%e2%86%9570cm-2","status":"publish","type":"product","link":"https:\/\/ficuso.com\/lt\/product\/rhipsalis-floccosa-o21cm-%e2%86%9570cm-2\/","title":{"rendered":"Rhipsalis Floccosa &#8211; \u00d821cm &#8211; \u219570cm"},"content":{"rendered":"<p>Rhipsalis Floccosa is a unique cactus with soft, hair-like spines and a trailing habit, perfect for hanging pots or shelves.<br \/>\nOrigins: Native to the forests of Brazil.<br \/>\nCare Tips: Prefers indirect light and evenly moist soil, especially during active growth.<br \/>\nLight Requirements: Moderate to bright, indirect light.<br \/>\nWatering Requirements: Allow the top inch of soil to dry before watering.<br \/>\nSoil Requirements: Well-draining cactus mix.<br \/>\nPropagation: Stem cuttings.<br \/>\nHumidity and Temperature Requirements: High humidity; temperatures between 60-80\u00b0F (16-27\u00b0C).<br \/>\nAdditional information: We pack your houseplants in a sturdy box designed specifically for houseplants. The plants and potting soil are protected by a protective cover. The houseplants are secured in the box. This way, your houseplant will not only be delivered fresh and healthy, but also undamaged. All houseplants are carefully selected by our plant experts and shipped directly from our nursery. Each plant is unique and might differ from the one in the pictures.<\/p>\n","protected":false},"excerpt":{"rendered":"<p>Rhipsalis Floccosa is a unique cactus with soft, hair-like spines and a trailing habit, perfect for hanging pots or shelves.<\/p>\n","protected":false},"featured_media":5217,"template":"","meta":{"site-sidebar-layout":"default","site-content-layout":"","ast-site-content-layout":"","site-content-style":"default","site-sidebar-style":"default","ast-global-header-display":"","ast-banner-title-visibility":"","ast-main-header-display":"","ast-hfb-above-header-display":"","ast-hfb-below-header-display":"","ast-hfb-mobile-header-display":"","site-post-title":"","ast-breadcrumbs-content":"","ast-featured-img":"","footer-sml-layout":"","theme-transparent-header-meta":"","adv-header-id-meta":"","stick-header-meta":"","header-above-stick-meta":"","header-main-stick-meta":"","header-below-stick-meta":"","astra-migrate-meta-layouts":"default","ast-page-background-enabled":"default","ast-page-background-meta":{"desktop":{"background-color":"var(--ast-global-color-4)","background-image":"","background-repeat":"repeat","background-position":"center center","background-size":"auto","background-attachment":"scroll","background-type":"","background-media":"","overlay-type":"","overlay-color":"","overlay-opacity":"","overlay-gradient":""},"tablet":{"background-color":"","background-image":"","background-repeat":"repeat","background-position":"center center","background-size":"auto","background-attachment":"scroll","background-type":"","background-media":"","overlay-type":"","overlay-color":"","overlay-opacity":"","overlay-gradient":""},"mobile":{"background-color":"","background-image":"","background-repeat":"repeat","background-position":"center center","background-size":"auto","background-attachment":"scroll","background-type":"","background-media":"","overlay-type":"","overlay-color":"","overlay-opacity":"","overlay-gradient":""}},"ast-content-background-meta":{"desktop":{"background-color":"var(--ast-global-color-5)","background-image":"","background-repeat":"repeat","background-position":"center center","background-size":"auto","background-attachment":"scroll","background-type":"","background-media":"","overlay-type":"","overlay-color":"","overlay-opacity":"","overlay-gradient":""},"tablet":{"background-color":"var(--ast-global-color-5)","background-image":"","background-repeat":"repeat","background-position":"center center","background-size":"auto","background-attachment":"scroll","background-type":"","background-media":"","overlay-type":"","overlay-color":"","overlay-opacity":"","overlay-gradient":""},"mobile":{"background-color":"var(--ast-global-color-5)","background-image":"","background-repeat":"repeat","background-position":"center center","background-size":"auto","background-attachment":"scroll","background-type":"","background-media":"","overlay-type":"","overlay-color":"","overlay-opacity":"","overlay-gradient":""}}},"product_brand":[],"product_cat":[178,45,175,40,182,43,176,42,39,177],"product_tag":[95,99],"class_list":{"0":"post-15363","1":"product","2":"type-product","3":"status-publish","4":"has-post-thumbnail","6":"product_cat-animal-friendly-1","7":"product_cat-animal-friendly","8":"product_cat-easy-care-2","9":"product_cat-easy-care","10":"product_cat-hanging-plants-2","11":"product_cat-hanging-plants","12":"product_cat-high-light-plants-2","13":"product_cat-high-light-plants","14":"product_cat-medium-light-plants","15":"product_cat-medium-light-plants-2","16":"product_tag-46-75-cm","17":"product_tag-o-16-25-cm","18":"desktop-align-center","19":"tablet-align-left","20":"mobile-align-left","21":"ast-product-gallery-layout-horizontal-slider","23":"first","24":"outofstock","25":"taxable","26":"shipping-taxable","27":"purchasable","28":"product-type-simple"},"yoast_head":"<!-- This site is optimized with the Yoast SEO plugin v25.1 - https:\/\/yoast.com\/wordpress\/plugins\/seo\/ -->\n<title>Rhipsalis Floccosa - \u00d821cm - \u219570cm - ficuso<\/title>\n<meta name=\"robots\" content=\"index, follow, max-snippet:-1, max-image-preview:large, max-video-preview:-1\" \/>\n<link rel=\"canonical\" href=\"https:\/\/ficuso.com\/product\/rhipsalis-floccosa-o21cm-\u219570cm-2\/\" \/>\n<meta property=\"og:locale\" content=\"lt_LT\" \/>\n<meta property=\"og:type\" content=\"article\" \/>\n<meta property=\"og:title\" content=\"Rhipsalis Floccosa - \u00d821cm - \u219570cm - ficuso\" \/>\n<meta property=\"og:description\" content=\"Rhipsalis Floccosa is a unique cactus with soft, hair-like spines and a trailing habit, perfect for hanging pots or shelves.\" \/>\n<meta property=\"og:url\" content=\"https:\/\/ficuso.com\/product\/rhipsalis-floccosa-o21cm-\u219570cm-2\/\" \/>\n<meta property=\"og:site_name\" content=\"ficuso\" \/>\n<meta property=\"article:modified_time\" content=\"2025-10-31T14:24:17+00:00\" \/>\n<meta property=\"og:image\" content=\"https:\/\/ficuso.com\/wp-content\/uploads\/2024\/09\/thumbnail_600-203.jpg\" \/>\n\t<meta property=\"og:image:width\" content=\"600\" \/>\n\t<meta property=\"og:image:height\" content=\"600\" \/>\n\t<meta property=\"og:image:type\" content=\"image\/jpeg\" \/>\n<meta name=\"twitter:card\" content=\"summary_large_image\" \/>\n<meta name=\"twitter:label1\" content=\"Est. reading time\" \/>\n\t<meta name=\"twitter:data1\" content=\"1 minut\u0117\" \/>\n<script type=\"application\/ld+json\" class=\"yoast-schema-graph\">{\"@context\":\"https:\/\/schema.org\",\"@graph\":[{\"@type\":\"WebPage\",\"@id\":\"https:\/\/ficuso.com\/product\/rhipsalis-floccosa-o21cm-%e2%86%9570cm-2\/\",\"url\":\"https:\/\/ficuso.com\/product\/rhipsalis-floccosa-o21cm-%e2%86%9570cm-2\/\",\"name\":\"Rhipsalis Floccosa - \u00d821cm - \u219570cm - ficuso\",\"isPartOf\":{\"@id\":\"https:\/\/ficuso.com\/#website\"},\"primaryImageOfPage\":{\"@id\":\"https:\/\/ficuso.com\/product\/rhipsalis-floccosa-o21cm-%e2%86%9570cm-2\/#primaryimage\"},\"image\":{\"@id\":\"https:\/\/ficuso.com\/product\/rhipsalis-floccosa-o21cm-%e2%86%9570cm-2\/#primaryimage\"},\"thumbnailUrl\":\"https:\/\/ficuso.com\/wp-content\/uploads\/2024\/09\/thumbnail_600-203.jpg\",\"datePublished\":\"2025-03-14T10:04:47+00:00\",\"dateModified\":\"2025-10-31T14:24:17+00:00\",\"breadcrumb\":{\"@id\":\"https:\/\/ficuso.com\/product\/rhipsalis-floccosa-o21cm-%e2%86%9570cm-2\/#breadcrumb\"},\"inLanguage\":\"lt-LT\",\"potentialAction\":[{\"@type\":\"ReadAction\",\"target\":[\"https:\/\/ficuso.com\/product\/rhipsalis-floccosa-o21cm-%e2%86%9570cm-2\/\"]}]},{\"@type\":\"ImageObject\",\"inLanguage\":\"lt-LT\",\"@id\":\"https:\/\/ficuso.com\/product\/rhipsalis-floccosa-o21cm-%e2%86%9570cm-2\/#primaryimage\",\"url\":\"https:\/\/ficuso.com\/wp-content\/uploads\/2024\/09\/thumbnail_600-203.jpg\",\"contentUrl\":\"https:\/\/ficuso.com\/wp-content\/uploads\/2024\/09\/thumbnail_600-203.jpg\",\"width\":600,\"height\":600},{\"@type\":\"BreadcrumbList\",\"@id\":\"https:\/\/ficuso.com\/product\/rhipsalis-floccosa-o21cm-%e2%86%9570cm-2\/#breadcrumb\",\"itemListElement\":[{\"@type\":\"ListItem\",\"position\":1,\"name\":\"Home\",\"item\":\"https:\/\/ficuso.com\/\"},{\"@type\":\"ListItem\",\"position\":2,\"name\":\"Products\",\"item\":\"https:\/\/ficuso.com\/shop\/\"},{\"@type\":\"ListItem\",\"position\":3,\"name\":\"Rhipsalis Floccosa &#8211; \u00d821cm &#8211; \u219570cm\"}]},{\"@type\":\"WebSite\",\"@id\":\"https:\/\/ficuso.com\/#website\",\"url\":\"https:\/\/ficuso.com\/\",\"name\":\"ficuso\",\"description\":\"I\u0161sirinkite tobulus augalus ir leiskit\u0117s \u012f \u017eali\u0105 nuotyk\u012f! At\u0117jo laikas atversti nauj\u0105 lap\u0105 \u2013 tiesiogine to \u017eod\u017eio prasme! Pasinaudokite nemokamu pristatymu nuo 70 eur\u0173\",\"publisher\":{\"@id\":\"https:\/\/ficuso.com\/#organization\"},\"potentialAction\":[{\"@type\":\"SearchAction\",\"target\":{\"@type\":\"EntryPoint\",\"urlTemplate\":\"https:\/\/ficuso.com\/?s={search_term_string}\"},\"query-input\":{\"@type\":\"PropertyValueSpecification\",\"valueRequired\":true,\"valueName\":\"search_term_string\"}}],\"inLanguage\":\"lt-LT\"},{\"@type\":\"Organization\",\"@id\":\"https:\/\/ficuso.com\/#organization\",\"name\":\"ficuso\",\"url\":\"https:\/\/ficuso.com\/\",\"logo\":{\"@type\":\"ImageObject\",\"inLanguage\":\"lt-LT\",\"@id\":\"https:\/\/ficuso.com\/#\/schema\/logo\/image\/\",\"url\":\"https:\/\/ficuso.com\/wp-content\/uploads\/2024\/10\/Color-logo-no-background-Large.png\",\"contentUrl\":\"https:\/\/ficuso.com\/wp-content\/uploads\/2024\/10\/Color-logo-no-background-Large.png\",\"width\":1280,\"height\":400,\"caption\":\"ficuso\"},\"image\":{\"@id\":\"https:\/\/ficuso.com\/#\/schema\/logo\/image\/\"},\"sameAs\":[\"https:\/\/www.instagram.com\/ficuso\/\"]}]}<\/script>\n<!-- \/ Yoast SEO plugin. -->","yoast_head_json":{"title":"Rhipsalis Floccosa - \u00d821cm - \u219570cm - ficuso","robots":{"index":"index","follow":"follow","max-snippet":"max-snippet:-1","max-image-preview":"max-image-preview:large","max-video-preview":"max-video-preview:-1"},"canonical":"https:\/\/ficuso.com\/product\/rhipsalis-floccosa-o21cm-\u219570cm-2\/","og_locale":"lt_LT","og_type":"article","og_title":"Rhipsalis Floccosa - \u00d821cm - \u219570cm - ficuso","og_description":"Rhipsalis Floccosa is a unique cactus with soft, hair-like spines and a trailing habit, perfect for hanging pots or shelves.","og_url":"https:\/\/ficuso.com\/product\/rhipsalis-floccosa-o21cm-\u219570cm-2\/","og_site_name":"ficuso","article_modified_time":"2025-10-31T14:24:17+00:00","og_image":[{"width":600,"height":600,"url":"https:\/\/ficuso.com\/wp-content\/uploads\/2024\/09\/thumbnail_600-203.jpg","type":"image\/jpeg"}],"twitter_card":"summary_large_image","twitter_misc":{"Est. reading time":"1 minut\u0117"},"schema":{"@context":"https:\/\/schema.org","@graph":[{"@type":"WebPage","@id":"https:\/\/ficuso.com\/product\/rhipsalis-floccosa-o21cm-%e2%86%9570cm-2\/","url":"https:\/\/ficuso.com\/product\/rhipsalis-floccosa-o21cm-%e2%86%9570cm-2\/","name":"Rhipsalis Floccosa - \u00d821cm - \u219570cm - ficuso","isPartOf":{"@id":"https:\/\/ficuso.com\/#website"},"primaryImageOfPage":{"@id":"https:\/\/ficuso.com\/product\/rhipsalis-floccosa-o21cm-%e2%86%9570cm-2\/#primaryimage"},"image":{"@id":"https:\/\/ficuso.com\/product\/rhipsalis-floccosa-o21cm-%e2%86%9570cm-2\/#primaryimage"},"thumbnailUrl":"https:\/\/ficuso.com\/wp-content\/uploads\/2024\/09\/thumbnail_600-203.jpg","datePublished":"2025-03-14T10:04:47+00:00","dateModified":"2025-10-31T14:24:17+00:00","breadcrumb":{"@id":"https:\/\/ficuso.com\/product\/rhipsalis-floccosa-o21cm-%e2%86%9570cm-2\/#breadcrumb"},"inLanguage":"lt-LT","potentialAction":[{"@type":"ReadAction","target":["https:\/\/ficuso.com\/product\/rhipsalis-floccosa-o21cm-%e2%86%9570cm-2\/"]}]},{"@type":"ImageObject","inLanguage":"lt-LT","@id":"https:\/\/ficuso.com\/product\/rhipsalis-floccosa-o21cm-%e2%86%9570cm-2\/#primaryimage","url":"https:\/\/ficuso.com\/wp-content\/uploads\/2024\/09\/thumbnail_600-203.jpg","contentUrl":"https:\/\/ficuso.com\/wp-content\/uploads\/2024\/09\/thumbnail_600-203.jpg","width":600,"height":600},{"@type":"BreadcrumbList","@id":"https:\/\/ficuso.com\/product\/rhipsalis-floccosa-o21cm-%e2%86%9570cm-2\/#breadcrumb","itemListElement":[{"@type":"ListItem","position":1,"name":"Home","item":"https:\/\/ficuso.com\/"},{"@type":"ListItem","position":2,"name":"Products","item":"https:\/\/ficuso.com\/shop\/"},{"@type":"ListItem","position":3,"name":"Rhipsalis Floccosa &#8211; \u00d821cm &#8211; \u219570cm"}]},{"@type":"WebSite","@id":"https:\/\/ficuso.com\/#website","url":"https:\/\/ficuso.com\/","name":"ficuso","description":"I\u0161sirinkite tobulus augalus ir leiskit\u0117s \u012f \u017eali\u0105 nuotyk\u012f! At\u0117jo laikas atversti nauj\u0105 lap\u0105 \u2013 tiesiogine to \u017eod\u017eio prasme! Pasinaudokite nemokamu pristatymu nuo 70 eur\u0173","publisher":{"@id":"https:\/\/ficuso.com\/#organization"},"potentialAction":[{"@type":"SearchAction","target":{"@type":"EntryPoint","urlTemplate":"https:\/\/ficuso.com\/?s={search_term_string}"},"query-input":{"@type":"PropertyValueSpecification","valueRequired":true,"valueName":"search_term_string"}}],"inLanguage":"lt-LT"},{"@type":"Organization","@id":"https:\/\/ficuso.com\/#organization","name":"ficuso","url":"https:\/\/ficuso.com\/","logo":{"@type":"ImageObject","inLanguage":"lt-LT","@id":"https:\/\/ficuso.com\/#\/schema\/logo\/image\/","url":"https:\/\/ficuso.com\/wp-content\/uploads\/2024\/10\/Color-logo-no-background-Large.png","contentUrl":"https:\/\/ficuso.com\/wp-content\/uploads\/2024\/10\/Color-logo-no-background-Large.png","width":1280,"height":400,"caption":"ficuso"},"image":{"@id":"https:\/\/ficuso.com\/#\/schema\/logo\/image\/"},"sameAs":["https:\/\/www.instagram.com\/ficuso\/"]}]}},"jetpack_sharing_enabled":true,"_links":{"self":[{"href":"https:\/\/ficuso.com\/lt\/wp-json\/wp\/v2\/product\/15363","targetHints":{"allow":["GET"]}}],"collection":[{"href":"https:\/\/ficuso.com\/lt\/wp-json\/wp\/v2\/product"}],"about":[{"href":"https:\/\/ficuso.com\/lt\/wp-json\/wp\/v2\/types\/product"}],"version-history":[{"count":2,"href":"https:\/\/ficuso.com\/lt\/wp-json\/wp\/v2\/product\/15363\/revisions"}],"predecessor-version":[{"id":17556,"href":"https:\/\/ficuso.com\/lt\/wp-json\/wp\/v2\/product\/15363\/revisions\/17556"}],"wp:featuredmedia":[{"embeddable":true,"href":"https:\/\/ficuso.com\/lt\/wp-json\/wp\/v2\/media\/5217"}],"wp:attachment":[{"href":"https:\/\/ficuso.com\/lt\/wp-json\/wp\/v2\/media?parent=15363"}],"wp:term":[{"taxonomy":"product_brand","embeddable":true,"href":"https:\/\/ficuso.com\/lt\/wp-json\/wp\/v2\/product_brand?post=15363"},{"taxonomy":"product_cat","embeddable":true,"href":"https:\/\/ficuso.com\/lt\/wp-json\/wp\/v2\/product_cat?post=15363"},{"taxonomy":"product_tag","embeddable":true,"href":"https:\/\/ficuso.com\/lt\/wp-json\/wp\/v2\/product_tag?post=15363"}],"curies":[{"name":"wp","href":"https:\/\/api.w.org\/{rel}","templated":true}]}}