{"id":14121,"date":"2025-03-13T18:51:19","date_gmt":"2025-03-13T16:51:19","guid":{"rendered":"https:\/\/ficuso.com\/?post_type=product&#038;p=14121"},"modified":"2026-04-04T06:39:54","modified_gmt":"2026-04-04T04:39:54","slug":"alocasia-lauterbachiana-o19cm-%e2%86%9580cm-pot-mayk-gold","status":"publish","type":"product","link":"https:\/\/ficuso.com\/lt\/product\/alocasia-lauterbachiana-o19cm-%e2%86%9580cm-pot-mayk-gold\/","title":{"rendered":"Alocasia Lauterbachiana &#8211; \u00d819cm &#8211; \u219580cm + Pot Mayk Gold"},"content":{"rendered":"<p>Alocasia Lauterbachiana, also known as the Queen of the Dragon, features elongated, dark green leaves with striking, metallic undersides.<br \/>\nOrigins: Native to tropical Asia.<br \/>\nCare Tips: Needs consistent moisture and high humidity; protect from cold temperatures.<br \/>\nLight Requirements: Prefers bright, indirect light; avoid direct sunlight.<br \/>\nWatering Requirements: Keep the soil moist but not soggy.<br \/>\nSoil Requirements: Well-draining potting mix with good aeration.<br \/>\nPropagation: Propagate via offsets or division.<br \/>\nHumidity and Temperature Requirements: Enjoys high humidity and temperatures between 65-80\u00b0F (18-27\u00b0C).<br \/>\nAdditional information: We pack your houseplants in a sturdy box designed specifically for houseplants. The plants and potting soil are protected by a protective cover. The houseplants are secured in the box. This way, your houseplant will not only be delivered fresh and healthy, but also undamaged. All houseplants are carefully selected by our plant experts and shipped directly from our nursery. Each plant is unique and might differ from the one in the pictures.<br \/>\nDecorative pot is included.<\/p>\n","protected":false},"excerpt":{"rendered":"<p>Alocasia Lauterbachiana, also known as the Queen of the Dragon, features elongated, dark green leaves with striking, metallic undersides.<\/p>\n","protected":false},"featured_media":7874,"template":"","meta":{"site-sidebar-layout":"default","site-content-layout":"","ast-site-content-layout":"","site-content-style":"default","site-sidebar-style":"default","ast-global-header-display":"","ast-banner-title-visibility":"","ast-main-header-display":"","ast-hfb-above-header-display":"","ast-hfb-below-header-display":"","ast-hfb-mobile-header-display":"","site-post-title":"","ast-breadcrumbs-content":"","ast-featured-img":"","footer-sml-layout":"","theme-transparent-header-meta":"","adv-header-id-meta":"","stick-header-meta":"","header-above-stick-meta":"","header-main-stick-meta":"","header-below-stick-meta":"","astra-migrate-meta-layouts":"default","ast-page-background-enabled":"default","ast-page-background-meta":{"desktop":{"background-color":"var(--ast-global-color-4)","background-image":"","background-repeat":"repeat","background-position":"center center","background-size":"auto","background-attachment":"scroll","background-type":"","background-media":"","overlay-type":"","overlay-color":"","overlay-opacity":"","overlay-gradient":""},"tablet":{"background-color":"","background-image":"","background-repeat":"repeat","background-position":"center center","background-size":"auto","background-attachment":"scroll","background-type":"","background-media":"","overlay-type":"","overlay-color":"","overlay-opacity":"","overlay-gradient":""},"mobile":{"background-color":"","background-image":"","background-repeat":"repeat","background-position":"center center","background-size":"auto","background-attachment":"scroll","background-type":"","background-media":"","overlay-type":"","overlay-color":"","overlay-opacity":"","overlay-gradient":""}},"ast-content-background-meta":{"desktop":{"background-color":"var(--ast-global-color-5)","background-image":"","background-repeat":"repeat","background-position":"center center","background-size":"auto","background-attachment":"scroll","background-type":"","background-media":"","overlay-type":"","overlay-color":"","overlay-opacity":"","overlay-gradient":""},"tablet":{"background-color":"var(--ast-global-color-5)","background-image":"","background-repeat":"repeat","background-position":"center center","background-size":"auto","background-attachment":"scroll","background-type":"","background-media":"","overlay-type":"","overlay-color":"","overlay-opacity":"","overlay-gradient":""},"mobile":{"background-color":"var(--ast-global-color-5)","background-image":"","background-repeat":"repeat","background-position":"center center","background-size":"auto","background-attachment":"scroll","background-type":"","background-media":"","overlay-type":"","overlay-color":"","overlay-opacity":"","overlay-gradient":""}}},"product_brand":[],"product_cat":[42,176,39,177],"product_tag":[],"class_list":{"0":"post-14121","1":"product","2":"type-product","3":"status-publish","4":"has-post-thumbnail","6":"product_cat-high-light-plants","7":"product_cat-high-light-plants-2","8":"product_cat-medium-light-plants","9":"product_cat-medium-light-plants-2","10":"desktop-align-center","11":"tablet-align-left","12":"mobile-align-left","13":"ast-product-gallery-layout-horizontal-slider","15":"first","16":"outofstock","17":"taxable","18":"shipping-taxable","19":"purchasable","20":"product-type-simple"},"yoast_head":"<!-- This site is optimized with the Yoast SEO plugin v25.1 - https:\/\/yoast.com\/wordpress\/plugins\/seo\/ -->\n<title>Alocasia Lauterbachiana - \u00d819cm - \u219580cm + Pot Mayk Gold - ficuso<\/title>\n<meta name=\"robots\" content=\"index, follow, max-snippet:-1, max-image-preview:large, max-video-preview:-1\" \/>\n<link rel=\"canonical\" href=\"https:\/\/ficuso.com\/product\/alocasia-lauterbachiana-o19cm-\u219580cm-pot-mayk-gold\/\" \/>\n<meta property=\"og:locale\" content=\"lt_LT\" \/>\n<meta property=\"og:type\" content=\"article\" \/>\n<meta property=\"og:title\" content=\"Alocasia Lauterbachiana - \u00d819cm - \u219580cm + Pot Mayk Gold - ficuso\" \/>\n<meta property=\"og:description\" content=\"Alocasia Lauterbachiana, also known as the Queen of the Dragon, features elongated, dark green leaves with striking, metallic undersides.\" \/>\n<meta property=\"og:url\" content=\"https:\/\/ficuso.com\/product\/alocasia-lauterbachiana-o19cm-\u219580cm-pot-mayk-gold\/\" \/>\n<meta property=\"og:site_name\" content=\"ficuso\" \/>\n<meta property=\"article:modified_time\" content=\"2026-04-04T04:39:54+00:00\" \/>\n<meta property=\"og:image\" content=\"https:\/\/ficuso.com\/wp-content\/uploads\/2024\/09\/thumbnail_600-182.png\" \/>\n\t<meta property=\"og:image:width\" content=\"600\" \/>\n\t<meta property=\"og:image:height\" content=\"600\" \/>\n\t<meta property=\"og:image:type\" content=\"image\/png\" \/>\n<meta name=\"twitter:card\" content=\"summary_large_image\" \/>\n<meta name=\"twitter:label1\" content=\"Est. reading time\" \/>\n\t<meta name=\"twitter:data1\" content=\"1 minut\u0117\" \/>\n<script type=\"application\/ld+json\" class=\"yoast-schema-graph\">{\"@context\":\"https:\/\/schema.org\",\"@graph\":[{\"@type\":\"WebPage\",\"@id\":\"https:\/\/ficuso.com\/product\/alocasia-lauterbachiana-o19cm-%e2%86%9580cm-pot-mayk-gold\/\",\"url\":\"https:\/\/ficuso.com\/product\/alocasia-lauterbachiana-o19cm-%e2%86%9580cm-pot-mayk-gold\/\",\"name\":\"Alocasia Lauterbachiana - \u00d819cm - \u219580cm + Pot Mayk Gold - ficuso\",\"isPartOf\":{\"@id\":\"https:\/\/ficuso.com\/#website\"},\"primaryImageOfPage\":{\"@id\":\"https:\/\/ficuso.com\/product\/alocasia-lauterbachiana-o19cm-%e2%86%9580cm-pot-mayk-gold\/#primaryimage\"},\"image\":{\"@id\":\"https:\/\/ficuso.com\/product\/alocasia-lauterbachiana-o19cm-%e2%86%9580cm-pot-mayk-gold\/#primaryimage\"},\"thumbnailUrl\":\"https:\/\/ficuso.com\/wp-content\/uploads\/2024\/09\/thumbnail_600-182.png\",\"datePublished\":\"2025-03-13T16:51:19+00:00\",\"dateModified\":\"2026-04-04T04:39:54+00:00\",\"breadcrumb\":{\"@id\":\"https:\/\/ficuso.com\/product\/alocasia-lauterbachiana-o19cm-%e2%86%9580cm-pot-mayk-gold\/#breadcrumb\"},\"inLanguage\":\"lt-LT\",\"potentialAction\":[{\"@type\":\"ReadAction\",\"target\":[\"https:\/\/ficuso.com\/product\/alocasia-lauterbachiana-o19cm-%e2%86%9580cm-pot-mayk-gold\/\"]}]},{\"@type\":\"ImageObject\",\"inLanguage\":\"lt-LT\",\"@id\":\"https:\/\/ficuso.com\/product\/alocasia-lauterbachiana-o19cm-%e2%86%9580cm-pot-mayk-gold\/#primaryimage\",\"url\":\"https:\/\/ficuso.com\/wp-content\/uploads\/2024\/09\/thumbnail_600-182.png\",\"contentUrl\":\"https:\/\/ficuso.com\/wp-content\/uploads\/2024\/09\/thumbnail_600-182.png\",\"width\":600,\"height\":600},{\"@type\":\"BreadcrumbList\",\"@id\":\"https:\/\/ficuso.com\/product\/alocasia-lauterbachiana-o19cm-%e2%86%9580cm-pot-mayk-gold\/#breadcrumb\",\"itemListElement\":[{\"@type\":\"ListItem\",\"position\":1,\"name\":\"Home\",\"item\":\"https:\/\/ficuso.com\/\"},{\"@type\":\"ListItem\",\"position\":2,\"name\":\"Products\",\"item\":\"https:\/\/ficuso.com\/shop\/\"},{\"@type\":\"ListItem\",\"position\":3,\"name\":\"Alocasia Lauterbachiana &#8211; \u00d819cm &#8211; \u219580cm + Pot Mayk Gold\"}]},{\"@type\":\"WebSite\",\"@id\":\"https:\/\/ficuso.com\/#website\",\"url\":\"https:\/\/ficuso.com\/\",\"name\":\"ficuso\",\"description\":\"I\u0161sirinkite tobulus augalus ir leiskit\u0117s \u012f \u017eali\u0105 nuotyk\u012f! At\u0117jo laikas atversti nauj\u0105 lap\u0105 \u2013 tiesiogine to \u017eod\u017eio prasme! Pasinaudokite nemokamu pristatymu nuo 70 eur\u0173\",\"publisher\":{\"@id\":\"https:\/\/ficuso.com\/#organization\"},\"potentialAction\":[{\"@type\":\"SearchAction\",\"target\":{\"@type\":\"EntryPoint\",\"urlTemplate\":\"https:\/\/ficuso.com\/?s={search_term_string}\"},\"query-input\":{\"@type\":\"PropertyValueSpecification\",\"valueRequired\":true,\"valueName\":\"search_term_string\"}}],\"inLanguage\":\"lt-LT\"},{\"@type\":\"Organization\",\"@id\":\"https:\/\/ficuso.com\/#organization\",\"name\":\"ficuso\",\"url\":\"https:\/\/ficuso.com\/\",\"logo\":{\"@type\":\"ImageObject\",\"inLanguage\":\"lt-LT\",\"@id\":\"https:\/\/ficuso.com\/#\/schema\/logo\/image\/\",\"url\":\"https:\/\/ficuso.com\/wp-content\/uploads\/2024\/10\/Color-logo-no-background-Large.png\",\"contentUrl\":\"https:\/\/ficuso.com\/wp-content\/uploads\/2024\/10\/Color-logo-no-background-Large.png\",\"width\":1280,\"height\":400,\"caption\":\"ficuso\"},\"image\":{\"@id\":\"https:\/\/ficuso.com\/#\/schema\/logo\/image\/\"},\"sameAs\":[\"https:\/\/www.instagram.com\/ficuso\/\"]}]}<\/script>\n<!-- \/ Yoast SEO plugin. -->","yoast_head_json":{"title":"Alocasia Lauterbachiana - \u00d819cm - \u219580cm + Pot Mayk Gold - ficuso","robots":{"index":"index","follow":"follow","max-snippet":"max-snippet:-1","max-image-preview":"max-image-preview:large","max-video-preview":"max-video-preview:-1"},"canonical":"https:\/\/ficuso.com\/product\/alocasia-lauterbachiana-o19cm-\u219580cm-pot-mayk-gold\/","og_locale":"lt_LT","og_type":"article","og_title":"Alocasia Lauterbachiana - \u00d819cm - \u219580cm + Pot Mayk Gold - ficuso","og_description":"Alocasia Lauterbachiana, also known as the Queen of the Dragon, features elongated, dark green leaves with striking, metallic undersides.","og_url":"https:\/\/ficuso.com\/product\/alocasia-lauterbachiana-o19cm-\u219580cm-pot-mayk-gold\/","og_site_name":"ficuso","article_modified_time":"2026-04-04T04:39:54+00:00","og_image":[{"width":600,"height":600,"url":"https:\/\/ficuso.com\/wp-content\/uploads\/2024\/09\/thumbnail_600-182.png","type":"image\/png"}],"twitter_card":"summary_large_image","twitter_misc":{"Est. reading time":"1 minut\u0117"},"schema":{"@context":"https:\/\/schema.org","@graph":[{"@type":"WebPage","@id":"https:\/\/ficuso.com\/product\/alocasia-lauterbachiana-o19cm-%e2%86%9580cm-pot-mayk-gold\/","url":"https:\/\/ficuso.com\/product\/alocasia-lauterbachiana-o19cm-%e2%86%9580cm-pot-mayk-gold\/","name":"Alocasia Lauterbachiana - \u00d819cm - \u219580cm + Pot Mayk Gold - ficuso","isPartOf":{"@id":"https:\/\/ficuso.com\/#website"},"primaryImageOfPage":{"@id":"https:\/\/ficuso.com\/product\/alocasia-lauterbachiana-o19cm-%e2%86%9580cm-pot-mayk-gold\/#primaryimage"},"image":{"@id":"https:\/\/ficuso.com\/product\/alocasia-lauterbachiana-o19cm-%e2%86%9580cm-pot-mayk-gold\/#primaryimage"},"thumbnailUrl":"https:\/\/ficuso.com\/wp-content\/uploads\/2024\/09\/thumbnail_600-182.png","datePublished":"2025-03-13T16:51:19+00:00","dateModified":"2026-04-04T04:39:54+00:00","breadcrumb":{"@id":"https:\/\/ficuso.com\/product\/alocasia-lauterbachiana-o19cm-%e2%86%9580cm-pot-mayk-gold\/#breadcrumb"},"inLanguage":"lt-LT","potentialAction":[{"@type":"ReadAction","target":["https:\/\/ficuso.com\/product\/alocasia-lauterbachiana-o19cm-%e2%86%9580cm-pot-mayk-gold\/"]}]},{"@type":"ImageObject","inLanguage":"lt-LT","@id":"https:\/\/ficuso.com\/product\/alocasia-lauterbachiana-o19cm-%e2%86%9580cm-pot-mayk-gold\/#primaryimage","url":"https:\/\/ficuso.com\/wp-content\/uploads\/2024\/09\/thumbnail_600-182.png","contentUrl":"https:\/\/ficuso.com\/wp-content\/uploads\/2024\/09\/thumbnail_600-182.png","width":600,"height":600},{"@type":"BreadcrumbList","@id":"https:\/\/ficuso.com\/product\/alocasia-lauterbachiana-o19cm-%e2%86%9580cm-pot-mayk-gold\/#breadcrumb","itemListElement":[{"@type":"ListItem","position":1,"name":"Home","item":"https:\/\/ficuso.com\/"},{"@type":"ListItem","position":2,"name":"Products","item":"https:\/\/ficuso.com\/shop\/"},{"@type":"ListItem","position":3,"name":"Alocasia Lauterbachiana &#8211; \u00d819cm &#8211; \u219580cm + Pot Mayk Gold"}]},{"@type":"WebSite","@id":"https:\/\/ficuso.com\/#website","url":"https:\/\/ficuso.com\/","name":"ficuso","description":"I\u0161sirinkite tobulus augalus ir leiskit\u0117s \u012f \u017eali\u0105 nuotyk\u012f! At\u0117jo laikas atversti nauj\u0105 lap\u0105 \u2013 tiesiogine to \u017eod\u017eio prasme! Pasinaudokite nemokamu pristatymu nuo 70 eur\u0173","publisher":{"@id":"https:\/\/ficuso.com\/#organization"},"potentialAction":[{"@type":"SearchAction","target":{"@type":"EntryPoint","urlTemplate":"https:\/\/ficuso.com\/?s={search_term_string}"},"query-input":{"@type":"PropertyValueSpecification","valueRequired":true,"valueName":"search_term_string"}}],"inLanguage":"lt-LT"},{"@type":"Organization","@id":"https:\/\/ficuso.com\/#organization","name":"ficuso","url":"https:\/\/ficuso.com\/","logo":{"@type":"ImageObject","inLanguage":"lt-LT","@id":"https:\/\/ficuso.com\/#\/schema\/logo\/image\/","url":"https:\/\/ficuso.com\/wp-content\/uploads\/2024\/10\/Color-logo-no-background-Large.png","contentUrl":"https:\/\/ficuso.com\/wp-content\/uploads\/2024\/10\/Color-logo-no-background-Large.png","width":1280,"height":400,"caption":"ficuso"},"image":{"@id":"https:\/\/ficuso.com\/#\/schema\/logo\/image\/"},"sameAs":["https:\/\/www.instagram.com\/ficuso\/"]}]}},"jetpack_sharing_enabled":true,"_links":{"self":[{"href":"https:\/\/ficuso.com\/lt\/wp-json\/wp\/v2\/product\/14121","targetHints":{"allow":["GET"]}}],"collection":[{"href":"https:\/\/ficuso.com\/lt\/wp-json\/wp\/v2\/product"}],"about":[{"href":"https:\/\/ficuso.com\/lt\/wp-json\/wp\/v2\/types\/product"}],"version-history":[{"count":2,"href":"https:\/\/ficuso.com\/lt\/wp-json\/wp\/v2\/product\/14121\/revisions"}],"predecessor-version":[{"id":17449,"href":"https:\/\/ficuso.com\/lt\/wp-json\/wp\/v2\/product\/14121\/revisions\/17449"}],"wp:featuredmedia":[{"embeddable":true,"href":"https:\/\/ficuso.com\/lt\/wp-json\/wp\/v2\/media\/7874"}],"wp:attachment":[{"href":"https:\/\/ficuso.com\/lt\/wp-json\/wp\/v2\/media?parent=14121"}],"wp:term":[{"taxonomy":"product_brand","embeddable":true,"href":"https:\/\/ficuso.com\/lt\/wp-json\/wp\/v2\/product_brand?post=14121"},{"taxonomy":"product_cat","embeddable":true,"href":"https:\/\/ficuso.com\/lt\/wp-json\/wp\/v2\/product_cat?post=14121"},{"taxonomy":"product_tag","embeddable":true,"href":"https:\/\/ficuso.com\/lt\/wp-json\/wp\/v2\/product_tag?post=14121"}],"curies":[{"name":"wp","href":"https:\/\/api.w.org\/{rel}","templated":true}]}}